{"id":661,"date":"2018-10-09T09:17:55","date_gmt":"2018-10-09T09:17:55","guid":{"rendered":"http:\/\/khihau.cecad.vn\/index.php\/projects\/"},"modified":"2021-08-11T09:18:53","modified_gmt":"2021-08-11T09:18:53","slug":"vung-du-an","status":"publish","type":"page","link":"https:\/\/khihau.cecad.vn\/?page_id=661","title":{"rendered":"V\u00f9ng d\u1ef1 \u00e1n"},"content":{"rendered":"\t\t<div data-elementor-type=\"wp-post\" data-elementor-id=\"661\" class=\"elementor elementor-661\">\n\t\t\t\t\t\t<section class=\"elementor-section elementor-top-section elementor-element elementor-element-408d895d elementor-section-boxed elementor-section-height-default elementor-section-height-default\" data-id=\"408d895d\" data-element_type=\"section\" data-settings=\"{&quot;background_background&quot;:&quot;gradient&quot;}\">\n\t\t\t\t\t\t<div class=\"elementor-container elementor-column-gap-no\">\n\t\t\t\t\t<div class=\"elementor-column elementor-col-100 elementor-top-column elementor-element elementor-element-4fed6c40\" data-id=\"4fed6c40\" data-element_type=\"column\">\n\t\t\t<div class=\"elementor-widget-wrap elementor-element-populated\">\n\t\t\t\t\t\t<div class=\"elementor-element elementor-element-47ebe55 elementor-widget elementor-widget-heading\" data-id=\"47ebe55\" data-element_type=\"widget\" data-widget_type=\"heading.default\">\n\t\t\t\t<div class=\"elementor-widget-container\">\n\t\t\t\t\t<h1 class=\"elementor-heading-title elementor-size-default\">V\u00f9ng d\u1ef1 \u00e1n<\/h1>\t\t\t\t<\/div>\n\t\t\t\t<\/div>\n\t\t\t\t\t<\/div>\n\t\t<\/div>\n\t\t\t\t\t<\/div>\n\t\t<\/section>\n\t\t\t\t<section class=\"elementor-section elementor-top-section elementor-element elementor-element-4e377101 elementor-section-boxed elementor-section-height-default elementor-section-height-default\" data-id=\"4e377101\" data-element_type=\"section\" data-settings=\"{&quot;background_background&quot;:&quot;classic&quot;}\">\n\t\t\t\t\t\t<div class=\"elementor-container elementor-column-gap-no\">\n\t\t\t\t\t<div class=\"elementor-column elementor-col-100 elementor-top-column elementor-element elementor-element-75007e6\" data-id=\"75007e6\" data-element_type=\"column\">\n\t\t\t<div class=\"elementor-widget-wrap elementor-element-populated\">\n\t\t\t\t\t\t<div class=\"elementor-element elementor-element-64dbe10e elementor-widget elementor-widget-text-editor\" data-id=\"64dbe10e\" data-element_type=\"widget\" data-widget_type=\"text-editor.default\">\n\t\t\t\t<div class=\"elementor-widget-container\">\n\t\t\t\t\t\t\t\t\t<p>\u0110\u1ed3ng b\u1eb1ng s\u00f4ng C\u1eedu Long, n\u1eb1m \u1edf ph\u00eda Nam Vi\u1ec7t Nam, c\u00f3 s\u1ea3n l\u01b0\u1ee3ng n\u00f4ng nghi\u1ec7p cao nh\u1ea5t kh\u00f4ng ch\u1ec9 \u1edf Vi\u1ec7t Nam m\u00e0 c\u00f2n \u1edf \u0110\u00f4ng Nam \u00c1. Khu v\u1ef1c n\u00e0y c\u0169ng l\u00e0 m\u1ed9t trong nh\u1eefng khu v\u1ef1c kinh t\u1ebf tr\u1ecdng \u0111i\u1ec3m c\u1ee7a Vi\u1ec7t Nam v\u1edbi m\u1eadt \u0111\u1ed9 d\u00e2n s\u1ed1 cao v\u00e0 c\u00f3 nhu c\u1ea7u cao v\u1ec1 t\u00e0i nguy\u00ean n\u01b0\u1edbc cho m\u1ee5c \u0111\u00edch sinh ho\u1ea1t v\u00e0 s\u1ea3n xu\u1ea5t. Theo b\u00e1o c\u00e1o c\u1ee7a B\u1ed9 N\u00f4ng nghi\u1ec7p v\u00e0 Ph\u00e1t tri\u1ec3n N\u00f4ng th\u00f4n, t\u1ed5ng nhu c\u1ea7u n\u01b0\u1edbc n\u0103m 2020 c\u1ee7a khu v\u1ef1c c\u1ea7n kho\u1ea3ng 1,97 tri\u1ec7u m3 \/ ng\u00e0y; nhu c\u1ea7u \u0111\u1ebfn n\u0103m 2025 l\u00e0 kho\u1ea3ng 2,65 tri\u1ec7u m3 \/ ng\u00e0y v\u00e0 \u0111\u1ebfn n\u0103m 2030 con s\u1ed1 n\u00e0y s\u1ebd l\u00e0 3,27 tri\u1ec7u m3 \/ ng\u00e0y. Tuy nhi\u00ean, b\u00e1o c\u00e1o n\u00e0y c\u0169ng cho th\u1ea5y, n\u0103m nay, \u0111\u1ed3ng b\u1eb1ng s\u00f4ng C\u1eedu Long c\u00f3 g\u1ea7n 80.000 h\u1ed9 gia \u0111\u00ecnh g\u1eb7p kh\u00f3 kh\u0103n khi thi\u1ebfu n\u01b0\u1edbc ng\u1ecdt, h\u00e0ng ng\u00e0n ha l\u00faa v\u00e0 th\u1ea3m th\u1ef1c v\u1eadt \u0111\u00e3 ch\u1ebft do nhi\u1ec5m m\u1eb7n. Trong s\u1ed1 c\u00e1c t\u1ec9nh trong khu v\u1ef1c, Ti\u1ec1n Giang l\u00e0 m\u1ed9t trong nh\u1eefng t\u1ec9nh ch\u1ecbu \u1ea3nh h\u01b0\u1edfng n\u1eb7ng n\u1ec1 nh\u1ea5t t\u1eeb x\u00e2m nh\u1eadp m\u1eb7n. Ti\u1ec1n Giang n\u1eb1m tr\u1ea3i d\u1ecdc tr\u00ean b\u1edd B\u1eafc s\u00f4ng Ti\u1ec1n v\u1edbi chi\u1ec1u d\u00e0i 120 km. Nh\u1edd v\u1ecb tr\u00ed h\u1ebft s\u1ee9c thu\u1eadn l\u1ee3i n\u00ean Ti\u1ec1n Giang \u0111\u00e3 tr\u1edf th\u00e0nh trung t\u00e2m v\u0103n h\u00f3a ch\u00ednh tr\u1ecb c\u1ee7a c\u1ea3 \u0110\u1ed3ng b\u1eb1ng s\u00f4ng C\u1eedu Long, l\u00e0 \u0111\u1ecba b\u00e0n trung chuy\u1ec3n h\u1ebft s\u1ee9c quan tr\u1ecdng g\u1eafn c\u1ea3 mi\u1ec1n T\u00e2y Nam B\u1ed9. Ch\u00ednh v\u00ec v\u1eady, Ti\u1ec1n Giang s\u1edbm tr\u1edf th\u00e0nh m\u1ed9t t\u1ec9nh c\u00f3 n\u1ec1n kinh t\u1ebf ph\u00e1t tri\u1ec3n h\u00e0ng \u0111\u1ea7u trong khu v\u1ef1c mi\u1ec1n T\u00e2y Nam B\u1ed9 v\u00e0 l\u00e0 v\u00f9ng kinh t\u1ebf tr\u1ecdng \u0111i\u1ec3m ph\u00eda Nam. Tuy nhi\u00ean, khu v\u1ef1c n\u00e0y b\u1ecb \u1ea3nh h\u01b0\u1edfng b\u1ea5t l\u1ee3i b\u1edfi bi\u1ebfn \u0111\u1ed5i kh\u00ed h\u1eadu v\u00e0 vi\u1ec7c s\u1eed d\u1ee5ng n\u01b0\u1edbc c\u1ee7a c\u00e1c n\u01b0\u1edbc \u1edf th\u01b0\u1ee3ng ngu\u1ed3n s\u00f4ng M\u00ea K\u00f4ng. \u0110\u1eb7c bi\u1ec7t, x\u00e2m nh\u1eadp m\u1eb7n v\u00e0 t\u00ecnh tr\u1ea1ng thi\u1ebfu n\u01b0\u1edbc \u1edf c\u00e1c huy\u1ec7n ph\u00eda \u0111\u00f4ng c\u1ee7a t\u1ec9nh, bao g\u1ed3m huy\u1ec7n G\u00f2 C\u00f4ng \u0110\u00f4ng v\u00e0 T\u00e2n Ph\u00fa \u0110\u00f4ng, l\u00e0 v\u00f4 c\u00f9ng nghi\u00eam tr\u1ecdng do hai huy\u1ec7n n\u00e0y n\u1eb1m \u1edf cu\u1ed1i ngu\u1ed3n n\u01b0\u1edbc ng\u1ecdt v\u00e0 ti\u1ebfp gi\u00e1p v\u1edbi ngu\u1ed3n n\u01b0\u1edbc m\u1eb7n. Ng\u00e0y 31\/12\/2019, \u1ee6y ban nh\u00e2n d\u00e2n t\u1ec9nh Ti\u1ec1n Giang \u0111\u00e3 ban h\u00e0nh Quy\u1ebft \u0111\u1ecbnh s\u1ed1 4444 \/ Q\u0110-PPC c\u00f4ng b\u1ed1 t\u00ecnh h\u00ecnh c\u1ea3nh b\u00e1o x\u00e2m nh\u1eadp m\u1eb7n \u1edf c\u1ea5p cao nh\u1ea5t c\u1ee7a t\u1ec9nh.<\/p>\t\t\t\t\t\t\t\t<\/div>\n\t\t\t\t<\/div>\n\t\t\t\t\t<\/div>\n\t\t<\/div>\n\t\t\t\t\t<\/div>\n\t\t<\/section>\n\t\t\t\t<section class=\"elementor-section elementor-top-section elementor-element elementor-element-3c20ab4f elementor-section-full_width elementor-section-content-middle elementor-section-height-default elementor-section-height-default\" data-id=\"3c20ab4f\" data-element_type=\"section\">\n\t\t\t\t\t\t<div class=\"elementor-container elementor-column-gap-no\">\n\t\t\t\t\t<div class=\"elementor-column elementor-col-100 elementor-top-column elementor-element elementor-element-38e9a89a\" data-id=\"38e9a89a\" data-element_type=\"column\">\n\t\t\t<div class=\"elementor-widget-wrap elementor-element-populated\">\n\t\t\t\t\t\t<div class=\"elementor-element elementor-element-26c3e5d1 gallery-spacing-custom elementor-widget elementor-widget-image-gallery\" data-id=\"26c3e5d1\" data-element_type=\"widget\" data-widget_type=\"image-gallery.default\">\n\t\t\t\t<div class=\"elementor-widget-container\">\n\t\t\t\t\t\t\t<div class=\"elementor-image-gallery\">\n\t\t\t<div id='gallery-1' class='gallery galleryid-661 gallery-columns-3 gallery-size-medium_large'><figure class='gallery-item'>\n\t\t\t<div class='gallery-icon landscape'>\n\t\t\t\t<a data-elementor-open-lightbox=\"yes\" data-elementor-lightbox-slideshow=\"26c3e5d1\" data-elementor-lightbox-title=\"77a86bd87430836eda21\" data-e-action-hash=\"#elementor-action%3Aaction%3Dlightbox%26settings%3DeyJpZCI6OTkwLCJ1cmwiOiJodHRwczpcL1wva2hpaGF1LmNlY2FkLnZuXC93cC1jb250ZW50XC91cGxvYWRzXC8yMDIxXC8wOFwvNzdhODZiZDg3NDMwODM2ZWRhMjEuanBnIiwic2xpZGVzaG93IjoiMjZjM2U1ZDEifQ%3D%3D\" href='https:\/\/khihau.cecad.vn\/wp-content\/uploads\/2021\/08\/77a86bd87430836eda21.jpg'><img fetchpriority=\"high\" decoding=\"async\" width=\"768\" height=\"360\" src=\"https:\/\/khihau.cecad.vn\/wp-content\/uploads\/2021\/08\/77a86bd87430836eda21-768x360.jpg\" class=\"attachment-medium_large size-medium_large\" alt=\"\" aria-describedby=\"gallery-1-990\" srcset=\"https:\/\/khihau.cecad.vn\/wp-content\/uploads\/2021\/08\/77a86bd87430836eda21-768x360.jpg 768w, https:\/\/khihau.cecad.vn\/wp-content\/uploads\/2021\/08\/77a86bd87430836eda21-300x141.jpg 300w, https:\/\/khihau.cecad.vn\/wp-content\/uploads\/2021\/08\/77a86bd87430836eda21.jpg 1024w\" sizes=\"(max-width: 768px) 100vw, 768px\" \/><\/a>\n\t\t\t<\/div>\n\t\t\t\t<figcaption class='wp-caption-text gallery-caption' id='gallery-1-990'>\n\t\t\t\tC\u00e0 Mau\n\t\t\t\t<\/figcaption><\/figure><figure class='gallery-item'>\n\t\t\t<div class='gallery-icon landscape'>\n\t\t\t\t<a data-elementor-open-lightbox=\"yes\" data-elementor-lightbox-slideshow=\"26c3e5d1\" data-elementor-lightbox-title=\"acd69d9d8575722b2b64\" data-e-action-hash=\"#elementor-action%3Aaction%3Dlightbox%26settings%3DeyJpZCI6OTkxLCJ1cmwiOiJodHRwczpcL1wva2hpaGF1LmNlY2FkLnZuXC93cC1jb250ZW50XC91cGxvYWRzXC8yMDIxXC8wOFwvYWNkNjlkOWQ4NTc1NzIyYjJiNjQuanBnIiwic2xpZGVzaG93IjoiMjZjM2U1ZDEifQ%3D%3D\" href='https:\/\/khihau.cecad.vn\/wp-content\/uploads\/2021\/08\/acd69d9d8575722b2b64.jpg'><img decoding=\"async\" width=\"768\" height=\"432\" src=\"https:\/\/khihau.cecad.vn\/wp-content\/uploads\/2021\/08\/acd69d9d8575722b2b64-768x432.jpg\" class=\"attachment-medium_large size-medium_large\" alt=\"\" aria-describedby=\"gallery-1-991\" srcset=\"https:\/\/khihau.cecad.vn\/wp-content\/uploads\/2021\/08\/acd69d9d8575722b2b64-768x432.jpg 768w, https:\/\/khihau.cecad.vn\/wp-content\/uploads\/2021\/08\/acd69d9d8575722b2b64-300x169.jpg 300w, https:\/\/khihau.cecad.vn\/wp-content\/uploads\/2021\/08\/acd69d9d8575722b2b64-1024x576.jpg 1024w, https:\/\/khihau.cecad.vn\/wp-content\/uploads\/2021\/08\/acd69d9d8575722b2b64.jpg 1280w\" sizes=\"(max-width: 768px) 100vw, 768px\" \/><\/a>\n\t\t\t<\/div>\n\t\t\t\t<figcaption class='wp-caption-text gallery-caption' id='gallery-1-991'>\n\t\t\t\tTi\u1ec1n Giang\n\t\t\t\t<\/figcaption><\/figure><figure class='gallery-item'>\n\t\t\t<div class='gallery-icon landscape'>\n\t\t\t\t<a data-elementor-open-lightbox=\"yes\" data-elementor-lightbox-slideshow=\"26c3e5d1\" data-elementor-lightbox-title=\"0fd4ed46faae0df054bf\" data-e-action-hash=\"#elementor-action%3Aaction%3Dlightbox%26settings%3DeyJpZCI6OTkyLCJ1cmwiOiJodHRwczpcL1wva2hpaGF1LmNlY2FkLnZuXC93cC1jb250ZW50XC91cGxvYWRzXC8yMDIxXC8wOFwvMGZkNGVkNDZmYWFlMGRmMDU0YmYuanBnIiwic2xpZGVzaG93IjoiMjZjM2U1ZDEifQ%3D%3D\" href='https:\/\/khihau.cecad.vn\/wp-content\/uploads\/2021\/08\/0fd4ed46faae0df054bf.jpg'><img decoding=\"async\" width=\"375\" height=\"250\" src=\"https:\/\/khihau.cecad.vn\/wp-content\/uploads\/2021\/08\/0fd4ed46faae0df054bf.jpg\" class=\"attachment-medium_large size-medium_large\" alt=\"\" aria-describedby=\"gallery-1-992\" srcset=\"https:\/\/khihau.cecad.vn\/wp-content\/uploads\/2021\/08\/0fd4ed46faae0df054bf.jpg 375w, https:\/\/khihau.cecad.vn\/wp-content\/uploads\/2021\/08\/0fd4ed46faae0df054bf-300x200.jpg 300w\" sizes=\"(max-width: 375px) 100vw, 375px\" \/><\/a>\n\t\t\t<\/div>\n\t\t\t\t<figcaption class='wp-caption-text gallery-caption' id='gallery-1-992'>\n\t\t\t\tB\u1ebfn Tre\n\t\t\t\t<\/figcaption><\/figure><figure class='gallery-item'>\n\t\t\t<div class='gallery-icon landscape'>\n\t\t\t\t<a data-elementor-open-lightbox=\"yes\" data-elementor-lightbox-slideshow=\"26c3e5d1\" data-elementor-lightbox-title=\"dab86f577dbf8ae1d3ae\" data-e-action-hash=\"#elementor-action%3Aaction%3Dlightbox%26settings%3DeyJpZCI6OTkzLCJ1cmwiOiJodHRwczpcL1wva2hpaGF1LmNlY2FkLnZuXC93cC1jb250ZW50XC91cGxvYWRzXC8yMDIxXC8wOFwvZGFiODZmNTc3ZGJmOGFlMWQzYWUuanBnIiwic2xpZGVzaG93IjoiMjZjM2U1ZDEifQ%3D%3D\" href='https:\/\/khihau.cecad.vn\/wp-content\/uploads\/2021\/08\/dab86f577dbf8ae1d3ae.jpg'><img loading=\"lazy\" decoding=\"async\" width=\"768\" height=\"512\" src=\"https:\/\/khihau.cecad.vn\/wp-content\/uploads\/2021\/08\/dab86f577dbf8ae1d3ae-768x512.jpg\" class=\"attachment-medium_large size-medium_large\" alt=\"\" aria-describedby=\"gallery-1-993\" srcset=\"https:\/\/khihau.cecad.vn\/wp-content\/uploads\/2021\/08\/dab86f577dbf8ae1d3ae-768x512.jpg 768w, https:\/\/khihau.cecad.vn\/wp-content\/uploads\/2021\/08\/dab86f577dbf8ae1d3ae-300x200.jpg 300w, https:\/\/khihau.cecad.vn\/wp-content\/uploads\/2021\/08\/dab86f577dbf8ae1d3ae.jpg 1024w\" sizes=\"(max-width: 768px) 100vw, 768px\" \/><\/a>\n\t\t\t<\/div>\n\t\t\t\t<figcaption class='wp-caption-text gallery-caption' id='gallery-1-993'>\n\t\t\t\tKi\u00ean Giang\n\t\t\t\t<\/figcaption><\/figure><figure class='gallery-item'>\n\t\t\t<div class='gallery-icon landscape'>\n\t\t\t\t<a data-elementor-open-lightbox=\"yes\" data-elementor-lightbox-slideshow=\"26c3e5d1\" data-elementor-lightbox-title=\"a633f6dbc9333e6d6722\" data-e-action-hash=\"#elementor-action%3Aaction%3Dlightbox%26settings%3DeyJpZCI6OTk0LCJ1cmwiOiJodHRwczpcL1wva2hpaGF1LmNlY2FkLnZuXC93cC1jb250ZW50XC91cGxvYWRzXC8yMDIxXC8wOFwvYTYzM2Y2ZGJjOTMzM2U2ZDY3MjIuanBnIiwic2xpZGVzaG93IjoiMjZjM2U1ZDEifQ%3D%3D\" href='https:\/\/khihau.cecad.vn\/wp-content\/uploads\/2021\/08\/a633f6dbc9333e6d6722.jpg'><img loading=\"lazy\" decoding=\"async\" width=\"768\" height=\"452\" src=\"https:\/\/khihau.cecad.vn\/wp-content\/uploads\/2021\/08\/a633f6dbc9333e6d6722-768x452.jpg\" class=\"attachment-medium_large size-medium_large\" alt=\"\" aria-describedby=\"gallery-1-994\" srcset=\"https:\/\/khihau.cecad.vn\/wp-content\/uploads\/2021\/08\/a633f6dbc9333e6d6722-768x452.jpg 768w, https:\/\/khihau.cecad.vn\/wp-content\/uploads\/2021\/08\/a633f6dbc9333e6d6722-300x176.jpg 300w, https:\/\/khihau.cecad.vn\/wp-content\/uploads\/2021\/08\/a633f6dbc9333e6d6722.jpg 1024w\" sizes=\"(max-width: 768px) 100vw, 768px\" \/><\/a>\n\t\t\t<\/div>\n\t\t\t\t<figcaption class='wp-caption-text gallery-caption' id='gallery-1-994'>\n\t\t\t\tLong An\n\t\t\t\t<\/figcaption><\/figure>\n\t\t<\/div>\n\t\t<\/div>\n\t\t\t\t\t\t<\/div>\n\t\t\t\t<\/div>\n\t\t\t\t\t<\/div>\n\t\t<\/div>\n\t\t\t\t\t<\/div>\n\t\t<\/section>\n\t\t\t\t<\/div>\n\t\t","protected":false},"excerpt":{"rendered":"<p>V\u00f9ng d\u1ef1 \u00e1n \u0110\u1ed3ng b\u1eb1ng s\u00f4ng C\u1eedu Long, n\u1eb1m \u1edf ph\u00eda Nam Vi\u1ec7t Nam, c\u00f3 s\u1ea3n l\u01b0\u1ee3ng n\u00f4ng nghi\u1ec7p cao nh\u1ea5t kh\u00f4ng ch\u1ec9 \u1edf Vi\u1ec7t Nam m\u00e0 c\u00f2n \u1edf \u0110\u00f4ng Nam \u00c1. Khu v\u1ef1c n\u00e0y c\u0169ng l\u00e0 m\u1ed9t trong nh\u1eefng khu v\u1ef1c kinh t\u1ebf tr\u1ecdng \u0111i\u1ec3m c\u1ee7a Vi\u1ec7t Nam v\u1edbi m\u1eadt \u0111\u1ed9 d\u00e2n s\u1ed1 cao [&hellip;]<\/p>\n","protected":false},"author":1,"featured_media":0,"parent":0,"menu_order":0,"comment_status":"closed","ping_status":"closed","template":"","meta":{"site-sidebar-layout":"no-sidebar","site-content-layout":"page-builder","ast-site-content-layout":"","site-content-style":"default","site-sidebar-style":"default","ast-global-header-display":"","ast-banner-title-visibility":"","ast-main-header-display":"","ast-hfb-above-header-display":"","ast-hfb-below-header-display":"","ast-hfb-mobile-header-display":"","site-post-title":"disabled","ast-breadcrumbs-content":"","ast-featured-img":"disabled","footer-sml-layout":"","theme-transparent-header-meta":"enabled","adv-header-id-meta":"","stick-header-meta":"","header-above-stick-meta":"","header-main-stick-meta":"","header-below-stick-meta":"","astra-migrate-meta-layouts":"default","ast-page-background-enabled":"default","ast-page-background-meta":{"desktop":{"background-color":"","background-image":"","background-repeat":"repeat","background-position":"center center","background-size":"auto","background-attachment":"scroll","background-type":"","background-media":"","overlay-type":"","overlay-color":"","overlay-opacity":"","overlay-gradient":""},"tablet":{"background-color":"","background-image":"","background-repeat":"repeat","background-position":"center center","background-size":"auto","background-attachment":"scroll","background-type":"","background-media":"","overlay-type":"","overlay-color":"","overlay-opacity":"","overlay-gradient":""},"mobile":{"background-color":"","background-image":"","background-repeat":"repeat","background-position":"center center","background-size":"auto","background-attachment":"scroll","background-type":"","background-media":"","overlay-type":"","overlay-color":"","overlay-opacity":"","overlay-gradient":""}},"ast-content-background-meta":{"desktop":{"background-color":"var(--ast-global-color-5)","background-image":"","background-repeat":"repeat","background-position":"center center","background-size":"auto","background-attachment":"scroll","background-type":"","background-media":"","overlay-type":"","overlay-color":"","overlay-opacity":"","overlay-gradient":""},"tablet":{"background-color":"var(--ast-global-color-5)","background-image":"","background-repeat":"repeat","background-position":"center center","background-size":"auto","background-attachment":"scroll","background-type":"","background-media":"","overlay-type":"","overlay-color":"","overlay-opacity":"","overlay-gradient":""},"mobile":{"background-color":"var(--ast-global-color-5)","background-image":"","background-repeat":"repeat","background-position":"center center","background-size":"auto","background-attachment":"scroll","background-type":"","background-media":"","overlay-type":"","overlay-color":"","overlay-opacity":"","overlay-gradient":""}},"footnotes":""},"class_list":["post-661","page","type-page","status-publish","hentry"],"_links":{"self":[{"href":"https:\/\/khihau.cecad.vn\/index.php?rest_route=\/wp\/v2\/pages\/661","targetHints":{"allow":["GET"]}}],"collection":[{"href":"https:\/\/khihau.cecad.vn\/index.php?rest_route=\/wp\/v2\/pages"}],"about":[{"href":"https:\/\/khihau.cecad.vn\/index.php?rest_route=\/wp\/v2\/types\/page"}],"author":[{"embeddable":true,"href":"https:\/\/khihau.cecad.vn\/index.php?rest_route=\/wp\/v2\/users\/1"}],"replies":[{"embeddable":true,"href":"https:\/\/khihau.cecad.vn\/index.php?rest_route=%2Fwp%2Fv2%2Fcomments&post=661"}],"version-history":[{"count":22,"href":"https:\/\/khihau.cecad.vn\/index.php?rest_route=\/wp\/v2\/pages\/661\/revisions"}],"predecessor-version":[{"id":1003,"href":"https:\/\/khihau.cecad.vn\/index.php?rest_route=\/wp\/v2\/pages\/661\/revisions\/1003"}],"wp:attachment":[{"href":"https:\/\/khihau.cecad.vn\/index.php?rest_route=%2Fwp%2Fv2%2Fmedia&parent=661"}],"curies":[{"name":"wp","href":"https:\/\/api.w.org\/{rel}","templated":true}]}}