{"id":659,"date":"2018-10-09T09:16:29","date_gmt":"2018-10-09T09:16:29","guid":{"rendered":"http:\/\/khihau.cecad.vn\/index.php\/about\/"},"modified":"2021-08-12T02:48:16","modified_gmt":"2021-08-12T02:48:16","slug":"gioi-thieu","status":"publish","type":"page","link":"https:\/\/khihau.cecad.vn\/?page_id=659","title":{"rendered":"Gi\u1edbi thi\u1ec7u"},"content":{"rendered":"\t\t<div data-elementor-type=\"wp-post\" data-elementor-id=\"659\" class=\"elementor elementor-659\">\n\t\t\t\t\t\t<section class=\"elementor-section elementor-top-section elementor-element elementor-element-6952e143 elementor-section-boxed elementor-section-height-default elementor-section-height-default\" data-id=\"6952e143\" data-element_type=\"section\" data-settings=\"{&quot;background_background&quot;:&quot;gradient&quot;}\">\n\t\t\t\t\t\t<div class=\"elementor-container elementor-column-gap-no\">\n\t\t\t\t\t<div class=\"elementor-column elementor-col-100 elementor-top-column elementor-element elementor-element-fc98b27\" data-id=\"fc98b27\" data-element_type=\"column\">\n\t\t\t<div class=\"elementor-widget-wrap elementor-element-populated\">\n\t\t\t\t\t\t<div class=\"elementor-element elementor-element-956309d elementor-widget elementor-widget-heading\" data-id=\"956309d\" data-element_type=\"widget\" data-widget_type=\"heading.default\">\n\t\t\t\t<div class=\"elementor-widget-container\">\n\t\t\t\t\t<h1 class=\"elementor-heading-title elementor-size-default\">Gi\u1edbi thi\u1ec7u<\/h1>\t\t\t\t<\/div>\n\t\t\t\t<\/div>\n\t\t\t\t\t<\/div>\n\t\t<\/div>\n\t\t\t\t\t<\/div>\n\t\t<\/section>\n\t\t\t\t<section class=\"elementor-section elementor-top-section elementor-element elementor-element-35833b72 elementor-section-boxed elementor-section-height-default elementor-section-height-default\" data-id=\"35833b72\" data-element_type=\"section\">\n\t\t\t\t\t\t<div class=\"elementor-container elementor-column-gap-no\">\n\t\t\t\t\t<div class=\"elementor-column elementor-col-33 elementor-top-column elementor-element elementor-element-4e4f91b1\" data-id=\"4e4f91b1\" data-element_type=\"column\">\n\t\t\t<div class=\"elementor-widget-wrap elementor-element-populated\">\n\t\t\t\t\t\t<div class=\"elementor-element elementor-element-5a6386b elementor-widget elementor-widget-heading\" data-id=\"5a6386b\" data-element_type=\"widget\" data-widget_type=\"heading.default\">\n\t\t\t\t<div class=\"elementor-widget-container\">\n\t\t\t\t\t<h5 class=\"elementor-heading-title elementor-size-default\">D\u1ef1 \u00e1n FLC 20-02<\/h5>\t\t\t\t<\/div>\n\t\t\t\t<\/div>\n\t\t\t\t<div class=\"elementor-element elementor-element-1ffc8b54 elementor-widget elementor-widget-heading\" data-id=\"1ffc8b54\" data-element_type=\"widget\" data-widget_type=\"heading.default\">\n\t\t\t\t<div class=\"elementor-widget-container\">\n\t\t\t\t\t<h4 class=\"elementor-heading-title elementor-size-default\">T\u0102NG C\u01af\u1edcNG N\u0102NG L\u1ef0C TRUY\u1ec0N TH\u00d4NG NH\u1eb0M \u1ee8NG PH\u00d3 V\u1edaI BI\u1ebeN \u0110\u1ed4I KH\u00cd H\u1eacU T\u1ea0I \u0110\u1ed2NG B\u1eb0NG S\u00d4NG C\u1eecU LONG<\/h4>\t\t\t\t<\/div>\n\t\t\t\t<\/div>\n\t\t\t\t<div class=\"elementor-element elementor-element-4a4388c6 elementor-widget-divider--view-line elementor-widget elementor-widget-divider\" data-id=\"4a4388c6\" data-element_type=\"widget\" data-widget_type=\"divider.default\">\n\t\t\t\t<div class=\"elementor-widget-container\">\n\t\t\t\t\t\t\t<div class=\"elementor-divider\">\n\t\t\t<span class=\"elementor-divider-separator\">\n\t\t\t\t\t\t<\/span>\n\t\t<\/div>\n\t\t\t\t\t\t<\/div>\n\t\t\t\t<\/div>\n\t\t\t\t\t<\/div>\n\t\t<\/div>\n\t\t\t\t<div class=\"elementor-column elementor-col-66 elementor-top-column elementor-element elementor-element-3675354a\" data-id=\"3675354a\" data-element_type=\"column\">\n\t\t\t<div class=\"elementor-widget-wrap elementor-element-populated\">\n\t\t\t\t\t\t<div class=\"elementor-element elementor-element-29886a31 elementor-widget elementor-widget-text-editor\" data-id=\"29886a31\" data-element_type=\"widget\" data-widget_type=\"text-editor.default\">\n\t\t\t\t<div class=\"elementor-widget-container\">\n\t\t\t\t\t\t\t\t\t<p>\u0110\u1ed3ng b\u1eb1ng s\u00f4ng C\u1eedu Long, n\u1eb1m \u1edf ph\u00eda Nam Vi\u1ec7t Nam, c\u00f3 s\u1ea3n l\u01b0\u1ee3ng n\u00f4ng nghi\u1ec7p cao nh\u1ea5t kh\u00f4ng ch\u1ec9 \u1edf Vi\u1ec7t Nam m\u00e0 c\u00f2n \u1edf \u0110\u00f4ng Nam \u00c1. Khu v\u1ef1c n\u00e0y c\u0169ng l\u00e0 m\u1ed9t trong nh\u1eefng khu v\u1ef1c kinh t\u1ebf tr\u1ecdng \u0111i\u1ec3m c\u1ee7a Vi\u1ec7t Nam v\u1edbi m\u1eadt \u0111\u1ed9 d\u00e2n s\u1ed1 cao v\u00e0 c\u00f3 nhu c\u1ea7u cao v\u1ec1 t\u00e0i nguy\u00ean n\u01b0\u1edbc cho m\u1ee5c \u0111\u00edch sinh ho\u1ea1t v\u00e0 s\u1ea3n xu\u1ea5t. Theo b\u00e1o c\u00e1o c\u1ee7a B\u1ed9 N\u00f4ng nghi\u1ec7p v\u00e0 Ph\u00e1t tri\u1ec3n N\u00f4ng th\u00f4n, t\u1ed5ng nhu c\u1ea7u n\u01b0\u1edbc n\u0103m 2020 c\u1ee7a khu v\u1ef1c c\u1ea7n kho\u1ea3ng 1,97 tri\u1ec7u m3 \/ng\u00e0y; nhu c\u1ea7u \u0111\u1ebfn n\u0103m 2025 l\u00e0 kho\u1ea3ng 2,65 tri\u1ec7u m3 \/ ng\u00e0y v\u00e0 \u0111\u1ebfn n\u0103m 2030 con s\u1ed1 n\u00e0y s\u1ebd l\u00e0 3,27 tri\u1ec7u m3 \/ ng\u00e0y. Tuy nhi\u00ean, b\u00e1o c\u00e1o n\u00e0y c\u0169ng cho th\u1ea5y, n\u0103m nay, \u0111\u1ed3ng b\u1eb1ng s\u00f4ng C\u1eedu Long c\u00f3 g\u1ea7n 80.000 h\u1ed9 gia \u0111\u00ecnh g\u1eb7p kh\u00f3 kh\u0103n khi thi\u1ebfu n\u01b0\u1edbc ng\u1ecdt, h\u00e0ng ng\u00e0n ha l\u00faa v\u00e0 th\u1ea3m th\u1ef1c v\u1eadt \u0111\u00e3 ch\u1ebft do nhi\u1ec5m m\u1eb7n. Trong s\u1ed1 c\u00e1c t\u1ec9nh trong khu v\u1ef1c, Ti\u1ec1n Giang l\u00e0 m\u1ed9t trong nh\u1eefng t\u1ec9nh ch\u1ecbu \u1ea3nh h\u01b0\u1edfng n\u1eb7ng n\u1ec1 nh\u1ea5t t\u1eeb x\u00e2m nh\u1eadp m\u1eb7n. Ti\u1ec1n Giang n\u1eb1m tr\u1ea3i d\u1ecdc tr\u00ean b\u1edd B\u1eafc s\u00f4ng Ti\u1ec1n v\u1edbi chi\u1ec1u d\u00e0i 120 km.<\/p>\t\t\t\t\t\t\t\t<\/div>\n\t\t\t\t<\/div>\n\t\t\t\t\t<\/div>\n\t\t<\/div>\n\t\t\t\t\t<\/div>\n\t\t<\/section>\n\t\t\t\t<section class=\"elementor-section elementor-top-section elementor-element elementor-element-3e33ef03 elementor-section-full_width elementor-section-content-middle elementor-section-height-default elementor-section-height-default\" data-id=\"3e33ef03\" data-element_type=\"section\">\n\t\t\t\t\t\t<div class=\"elementor-container elementor-column-gap-no\">\n\t\t\t\t\t<div class=\"elementor-column elementor-col-50 elementor-top-column elementor-element elementor-element-ab40389\" data-id=\"ab40389\" data-element_type=\"column\" data-settings=\"{&quot;background_background&quot;:&quot;classic&quot;}\">\n\t\t\t<div class=\"elementor-widget-wrap elementor-element-populated\">\n\t\t\t\t\t\t<div class=\"elementor-element elementor-element-581b0b06 elementor-widget elementor-widget-image\" data-id=\"581b0b06\" data-element_type=\"widget\" data-widget_type=\"image.default\">\n\t\t\t\t<div class=\"elementor-widget-container\">\n\t\t\t\t\t\t\t\t\t\t\t\t\t\t\t<img fetchpriority=\"high\" decoding=\"async\" width=\"960\" height=\"400\" src=\"https:\/\/khihau.cecad.vn\/wp-content\/uploads\/2021\/08\/trong-cay-xanh-ben-tre-1.png\" class=\"attachment-large size-large wp-image-1043\" alt=\"\" srcset=\"https:\/\/khihau.cecad.vn\/wp-content\/uploads\/2021\/08\/trong-cay-xanh-ben-tre-1.png 960w, https:\/\/khihau.cecad.vn\/wp-content\/uploads\/2021\/08\/trong-cay-xanh-ben-tre-1-300x125.png 300w, https:\/\/khihau.cecad.vn\/wp-content\/uploads\/2021\/08\/trong-cay-xanh-ben-tre-1-768x320.png 768w\" sizes=\"(max-width: 960px) 100vw, 960px\" \/>\t\t\t\t\t\t\t\t\t\t\t\t\t\t\t<\/div>\n\t\t\t\t<\/div>\n\t\t\t\t\t<\/div>\n\t\t<\/div>\n\t\t\t\t<div class=\"elementor-column elementor-col-50 elementor-top-column elementor-element elementor-element-1d943bbf\" data-id=\"1d943bbf\" data-element_type=\"column\" data-settings=\"{&quot;background_background&quot;:&quot;classic&quot;}\">\n\t\t\t<div class=\"elementor-widget-wrap elementor-element-populated\">\n\t\t\t\t\t\t<div class=\"elementor-element elementor-element-3bf2ba34 elementor-widget elementor-widget-image\" data-id=\"3bf2ba34\" data-element_type=\"widget\" data-widget_type=\"image.default\">\n\t\t\t\t<div class=\"elementor-widget-container\">\n\t\t\t\t\t\t\t\t\t\t\t\t\t\t\t<img decoding=\"async\" width=\"960\" height=\"400\" src=\"https:\/\/khihau.cecad.vn\/wp-content\/uploads\/2021\/08\/song-ba-lai-2.png\" class=\"attachment-large size-large wp-image-1046\" alt=\"\" srcset=\"https:\/\/khihau.cecad.vn\/wp-content\/uploads\/2021\/08\/song-ba-lai-2.png 960w, https:\/\/khihau.cecad.vn\/wp-content\/uploads\/2021\/08\/song-ba-lai-2-300x125.png 300w, https:\/\/khihau.cecad.vn\/wp-content\/uploads\/2021\/08\/song-ba-lai-2-768x320.png 768w\" sizes=\"(max-width: 960px) 100vw, 960px\" \/>\t\t\t\t\t\t\t\t\t\t\t\t\t\t\t<\/div>\n\t\t\t\t<\/div>\n\t\t\t\t\t<\/div>\n\t\t<\/div>\n\t\t\t\t\t<\/div>\n\t\t<\/section>\n\t\t\t\t<section class=\"elementor-section elementor-top-section elementor-element elementor-element-5dcbfe4a elementor-section-boxed elementor-section-height-default elementor-section-height-default\" data-id=\"5dcbfe4a\" data-element_type=\"section\">\n\t\t\t\t\t\t<div class=\"elementor-container elementor-column-gap-no\">\n\t\t\t\t\t<div class=\"elementor-column elementor-col-100 elementor-top-column elementor-element elementor-element-6058f88d\" data-id=\"6058f88d\" data-element_type=\"column\">\n\t\t\t<div class=\"elementor-widget-wrap elementor-element-populated\">\n\t\t\t\t\t\t<div class=\"elementor-element elementor-element-6eced759 elementor-widget elementor-widget-heading\" data-id=\"6eced759\" data-element_type=\"widget\" data-widget_type=\"heading.default\">\n\t\t\t\t<div class=\"elementor-widget-container\">\n\t\t\t\t\t<h3 class=\"elementor-heading-title elementor-size-default\">M\u1ee4C TI\u00caU D\u1ef0 \u00c1N<\/h3>\t\t\t\t<\/div>\n\t\t\t\t<\/div>\n\t\t\t\t<div class=\"elementor-element elementor-element-4eb7229e elementor-widget-divider--view-line elementor-widget elementor-widget-divider\" data-id=\"4eb7229e\" data-element_type=\"widget\" data-widget_type=\"divider.default\">\n\t\t\t\t<div class=\"elementor-widget-container\">\n\t\t\t\t\t\t\t<div class=\"elementor-divider\">\n\t\t\t<span class=\"elementor-divider-separator\">\n\t\t\t\t\t\t<\/span>\n\t\t<\/div>\n\t\t\t\t\t\t<\/div>\n\t\t\t\t<\/div>\n\t\t\t\t<div class=\"elementor-element elementor-element-6a5a43ae elementor-widget elementor-widget-text-editor\" data-id=\"6a5a43ae\" data-element_type=\"widget\" data-widget_type=\"text-editor.default\">\n\t\t\t\t<div class=\"elementor-widget-container\">\n\t\t\t\t\t\t\t\t\t<p><em><strong>M\u1ee5c ti\u00eau t\u1ed5ng qu\u00e1t:<\/strong><\/em><br \/>Gi\u1ea3m thi\u1ec3u t\u00e1c \u0111\u1ed9ng c\u1ee7a bi\u1ebfn \u0111\u1ed5i kh\u00ed h\u1eadu th\u00f4ng qua ch\u01b0\u01a1ng tr\u00ecnh truy\u1ec1n th\u00f4ng hi\u1ec7u qu\u1ea3 v\u1ec1 t\u0103ng kh\u1ea3 n\u0103ng \u1ee9ng ph\u00f3 v\u00e0 th\u00edch \u1ee9ng v\u1edbi bi\u1ebfn \u0111\u1ed5i kh\u00ed h\u1eadu \u1edf \u0111\u1ed3ng b\u1eb1ng s\u00f4ng C\u1eedu Long.<br \/><em><strong>M\u1ee5c ti\u00eau c\u1ee5 th\u1ec3:<\/strong><\/em><br \/>1. Ph\u00e1t tri\u1ec3n v\u00e0 th\u1ef1c hi\u1ec7n ch\u01b0\u01a1ng tr\u00ecnh truy\u1ec1n th\u00f4ng to\u00e0n di\u1ec7n v\u00e0 r\u1ed9ng r\u00e3i nh\u1eb1m gi\u00fap ng\u01b0\u1eddi d\u00e2n c\u1ea3i thi\u1ec7n kh\u1ea3 n\u0103ng th\u00edch \u1ee9ng \u0111\u1ed1i v\u1edbi s\u1ef1 x\u00e2m nh\u1eadp m\u1eb7n nghi\u00eam tr\u1ecdng t\u1ea1i \u0110\u1ed3ng b\u1eb1ng s\u00f4ng C\u1eedu Long.<br \/>2. Ph\u00e1t tri\u1ec3n v\u00e0 l\u1eafp \u0111\u1eb7t h\u1ec7 th\u1ed1ng c\u1ea3nh b\u00e1o s\u1edbm th\u00ed \u0111i\u1ec3m v\u1ec1 x\u00e2m nh\u1eadp m\u1eb7n th\u00ed \u0111i\u1ec3m t\u1ea1i Ti\u1ec1n Giang.<br \/>3. Ph\u00e1t tri\u1ec3n m\u00f4 h\u00ecnh ch\u1ee7 \u0111\u1ed9ng v\u1ec1 ngu\u1ed3n n\u01b0\u1edbc sinh ho\u1ea1t v\u00e0 s\u1ea3n xu\u1ea5t cho c\u1ed9ng \u0111\u1ed3ng \u0111\u1ecba ph\u01b0\u01a1ng trong b\u1ed1i c\u1ea3nh x\u00e2m nh\u1eadp m\u1eb7n do bi\u1ebfn \u0111\u1ed5i kh\u00ed h\u1eadu.<\/p>\t\t\t\t\t\t\t\t<\/div>\n\t\t\t\t<\/div>\n\t\t\t\t\t<\/div>\n\t\t<\/div>\n\t\t\t\t\t<\/div>\n\t\t<\/section>\n\t\t\t\t<section class=\"elementor-section elementor-top-section elementor-element elementor-element-038077e elementor-section-boxed elementor-section-height-default elementor-section-height-default\" data-id=\"038077e\" data-element_type=\"section\">\n\t\t\t\t\t\t<div class=\"elementor-container elementor-column-gap-no\">\n\t\t\t\t\t<div class=\"elementor-column elementor-col-100 elementor-top-column elementor-element elementor-element-8be880b\" data-id=\"8be880b\" data-element_type=\"column\">\n\t\t\t<div class=\"elementor-widget-wrap elementor-element-populated\">\n\t\t\t\t\t\t<div class=\"elementor-element elementor-element-7acf997 elementor-widget elementor-widget-heading\" data-id=\"7acf997\" data-element_type=\"widget\" data-widget_type=\"heading.default\">\n\t\t\t\t<div class=\"elementor-widget-container\">\n\t\t\t\t\t<h3 class=\"elementor-heading-title elementor-size-default\">\u0110\u1ed1i t\u00e1c th\u1ef1c hi\u1ec7n<\/h3>\t\t\t\t<\/div>\n\t\t\t\t<\/div>\n\t\t\t\t<div class=\"elementor-element elementor-element-8cfc706 elementor-widget-divider--view-line elementor-widget elementor-widget-divider\" data-id=\"8cfc706\" data-element_type=\"widget\" data-widget_type=\"divider.default\">\n\t\t\t\t<div class=\"elementor-widget-container\">\n\t\t\t\t\t\t\t<div class=\"elementor-divider\">\n\t\t\t<span class=\"elementor-divider-separator\">\n\t\t\t\t\t\t<\/span>\n\t\t<\/div>\n\t\t\t\t\t\t<\/div>\n\t\t\t\t<\/div>\n\t\t\t\t<div class=\"elementor-element elementor-element-5696447 elementor-widget elementor-widget-text-editor\" data-id=\"5696447\" data-element_type=\"widget\" data-widget_type=\"text-editor.default\">\n\t\t\t\t<div class=\"elementor-widget-container\">\n\t\t\t\t\t\t\t\t\t<p><strong>T\u1ed4 CH\u1ee8C H\u1ee2P T\u00c1C<\/strong><\/p><p style=\"text-align: left;\">\u2013 UBND t\u1ec9nh Ti\u1ec1n Giang;<br \/>\u2013 S\u1edf Th\u00f4ng tin v\u00e0 Truy\u1ec1n th\u00f4ng Ti\u1ec1n Giang;<br \/>\u2013 Chi c\u1ee5c Th\u1ee7y l\u1ee3i, S\u1edf N\u00f4ng nghi\u1ec7p v\u00e0 Ph\u00e1t tri\u1ec3n N\u00f4ng th\u00f4n Ti\u1ec1n Giang: Ph\u1ed1i h\u1ee3p v\u1edbi Trung t\u00e2m M\u00f4i tr\u01b0\u1eddng v\u00e0 Ph\u00e1t tri\u1ec3n C\u1ed9ng \u0111\u1ed3ng (CECAD) th\u1ef1c hi\u1ec7n D\u1ef1 \u00e1n;<br \/>\u2013 S\u1edf T\u00e0i nguy\u00ean v\u00e0 M\u00f4i tr\u01b0\u1eddng Ti\u1ec1n Giang;<br \/>\u2013 B\u1ed9 N\u00f4ng nghi\u1ec7p v\u00e0 Ph\u00e1t tri\u1ec3n n\u00f4ng th\u00f4n;<br \/>\u2013 Chi c\u1ee5c T\u00e0i nguy\u00ean n\u01b0\u1edbc t\u1ec9nh Ti\u1ec1n Giang;<br \/>\u2013 \u0110o\u00e0n thanh ni\u00ean t\u1ec9nh Ti\u1ec1n Giang v\u00e0 \u0111o\u00e0n thanh ni\u00ean c\u00e1c huy\u1ec7n G\u00f2 C\u00f4ng \u0110\u00f4ng v\u00e0 G\u00f2 C\u00f4ng T\u00e2y<br \/>\u2013 UBND c\u00e1c x\u00e3 v\u00e0 c\u00e1c huy\u1ec7n G\u00f2 C\u00f4ng \u0110\u00f4ng v\u00e0 T\u00e2n Ph\u00fa \u0110\u00f4ng<br \/>\u2013 B\u1ed9 N\u00f4ng nghi\u1ec7p v\u00e0 Ph\u00e1t tri\u1ec3n n\u00f4ng th\u00f4n;<br \/>\u2013 B\u1ed9 T\u00e0i nguy\u00ean v\u00e0 M\u00f4i tr\u01b0\u1eddng;<br \/>\u2013 \u0110\u1ea1i s\u1ee9 qu\u00e1n Ph\u1ea7n Lan;<br \/>\u2013 C\u1ed9ng \u0111\u1ed3ng ng\u01b0\u1eddi d\u00e2n \u0111\u1ecba ph\u01b0\u01a1ng t\u1ec9nh Ti\u1ec1n Giang v\u00e0 c\u00e1c t\u1ec9nh ch\u1ecbu \u1ea3nh h\u01b0\u1edfng n\u1eb7ng n\u1ec1 nh\u1ea5t c\u1ee7a x\u00e2m nh\u1eadp m\u1eb7n t\u1ea1i \u0110\u1ed3ng b\u1eb1ng s\u00f4ng C\u1eedu Long.<br \/>\u2013 C\u00e1c t\u1ed5 ch\u1ee9c phi ch\u00ednh ph\u1ee7 v\u00e0 c\u00e1c t\u1ed5 ch\u1ee9c qu\u1ed1c t\u1ebf trong l\u0129nh v\u1ef1c an ninh n\u01b0\u1edbc \u1edf s\u00f4ng \u0110\u1ed3ng b\u1eb1ng s\u00f4ng C\u1eedu Long;<br \/>\u2013 \u1ee6y ban nh\u00e2n d\u00e2n c\u1ee7a c\u00e1c t\u1ec9nh ch\u1ecbu \u1ea3nh h\u01b0\u1edfng n\u1eb7ng n\u1ec1 nh\u1ea5t b\u1edfi x\u00e2m nh\u1eadp m\u1eb7n t\u1ea1i \u0111\u1ed3ng b\u1eb1ng s\u00f4ng C\u1eedu Long, huy\u1ec7n C\u1ed9ng C\u00f4ng v\u00e0 T\u00e2n Ph\u00fa \u0110\u00f4ng v\u00e0 c\u00e1c x\u00e3 c\u1ee7a \u1ee6y ban nh\u00e2n d\u00e2n;<br \/>\u2013 \u0110\u00e0i truy\u1ec1n h\u00ecnh qu\u1ed1c gia (VTV1, VTV2, VTV6, VTC, HTC).<br \/>\u2013 \u0110\u00e0i truy\u1ec1n h\u00ecnh t\u1ec9nh Ti\u1ec1n Giang<br \/>\u2013 C\u00f4ng ty t\u01b0 nh\u00e2n ho\u1eb7c nh\u00e0 th\u1ea7u cung c\u1ea5p m\u00e1y c\u1ea3nh b\u00e1o x\u00e2m nh\u1eadp m\u1eb7n<\/p>\t\t\t\t\t\t\t\t<\/div>\n\t\t\t\t<\/div>\n\t\t\t\t\t<\/div>\n\t\t<\/div>\n\t\t\t\t\t<\/div>\n\t\t<\/section>\n\t\t\t\t<\/div>\n\t\t","protected":false},"excerpt":{"rendered":"<p>Gi\u1edbi thi\u1ec7u D\u1ef1 \u00e1n FLC 20-02 T\u0102NG C\u01af\u1edcNG N\u0102NG L\u1ef0C TRUY\u1ec0N TH\u00d4NG NH\u1eb0M \u1ee8NG PH\u00d3 V\u1edaI BI\u1ebeN \u0110\u1ed4I KH\u00cd H\u1eacU T\u1ea0I \u0110\u1ed2NG B\u1eb0NG S\u00d4NG C\u1eecU LONG \u0110\u1ed3ng b\u1eb1ng s\u00f4ng C\u1eedu Long, n\u1eb1m \u1edf ph\u00eda Nam Vi\u1ec7t Nam, c\u00f3 s\u1ea3n l\u01b0\u1ee3ng n\u00f4ng nghi\u1ec7p cao nh\u1ea5t kh\u00f4ng ch\u1ec9 \u1edf Vi\u1ec7t Nam m\u00e0 c\u00f2n \u1edf \u0110\u00f4ng Nam \u00c1. [&hellip;]<\/p>\n","protected":false},"author":1,"featured_media":0,"parent":0,"menu_order":0,"comment_status":"closed","ping_status":"closed","template":"","meta":{"site-sidebar-layout":"no-sidebar","site-content-layout":"page-builder","ast-site-content-layout":"","site-content-style":"default","site-sidebar-style":"default","ast-global-header-display":"","ast-banner-title-visibility":"","ast-main-header-display":"","ast-hfb-above-header-display":"","ast-hfb-below-header-display":"","ast-hfb-mobile-header-display":"","site-post-title":"disabled","ast-breadcrumbs-content":"","ast-featured-img":"disabled","footer-sml-layout":"","theme-transparent-header-meta":"enabled","adv-header-id-meta":"","stick-header-meta":"","header-above-stick-meta":"","header-main-stick-meta":"","header-below-stick-meta":"","astra-migrate-meta-layouts":"default","ast-page-background-enabled":"default","ast-page-background-meta":{"desktop":{"background-color":"","background-image":"","background-repeat":"repeat","background-position":"center center","background-size":"auto","background-attachment":"scroll","background-type":"","background-media":"","overlay-type":"","overlay-color":"","overlay-opacity":"","overlay-gradient":""},"tablet":{"background-color":"","background-image":"","background-repeat":"repeat","background-position":"center center","background-size":"auto","background-attachment":"scroll","background-type":"","background-media":"","overlay-type":"","overlay-color":"","overlay-opacity":"","overlay-gradient":""},"mobile":{"background-color":"","background-image":"","background-repeat":"repeat","background-position":"center center","background-size":"auto","background-attachment":"scroll","background-type":"","background-media":"","overlay-type":"","overlay-color":"","overlay-opacity":"","overlay-gradient":""}},"ast-content-background-meta":{"desktop":{"background-color":"var(--ast-global-color-5)","background-image":"","background-repeat":"repeat","background-position":"center center","background-size":"auto","background-attachment":"scroll","background-type":"","background-media":"","overlay-type":"","overlay-color":"","overlay-opacity":"","overlay-gradient":""},"tablet":{"background-color":"var(--ast-global-color-5)","background-image":"","background-repeat":"repeat","background-position":"center center","background-size":"auto","background-attachment":"scroll","background-type":"","background-media":"","overlay-type":"","overlay-color":"","overlay-opacity":"","overlay-gradient":""},"mobile":{"background-color":"var(--ast-global-color-5)","background-image":"","background-repeat":"repeat","background-position":"center center","background-size":"auto","background-attachment":"scroll","background-type":"","background-media":"","overlay-type":"","overlay-color":"","overlay-opacity":"","overlay-gradient":""}},"footnotes":""},"class_list":["post-659","page","type-page","status-publish","hentry"],"_links":{"self":[{"href":"https:\/\/khihau.cecad.vn\/index.php?rest_route=\/wp\/v2\/pages\/659","targetHints":{"allow":["GET"]}}],"collection":[{"href":"https:\/\/khihau.cecad.vn\/index.php?rest_route=\/wp\/v2\/pages"}],"about":[{"href":"https:\/\/khihau.cecad.vn\/index.php?rest_route=\/wp\/v2\/types\/page"}],"author":[{"embeddable":true,"href":"https:\/\/khihau.cecad.vn\/index.php?rest_route=\/wp\/v2\/users\/1"}],"replies":[{"embeddable":true,"href":"https:\/\/khihau.cecad.vn\/index.php?rest_route=%2Fwp%2Fv2%2Fcomments&post=659"}],"version-history":[{"count":13,"href":"https:\/\/khihau.cecad.vn\/index.php?rest_route=\/wp\/v2\/pages\/659\/revisions"}],"predecessor-version":[{"id":1049,"href":"https:\/\/khihau.cecad.vn\/index.php?rest_route=\/wp\/v2\/pages\/659\/revisions\/1049"}],"wp:attachment":[{"href":"https:\/\/khihau.cecad.vn\/index.php?rest_route=%2Fwp%2Fv2%2Fmedia&parent=659"}],"curies":[{"name":"wp","href":"https:\/\/api.w.org\/{rel}","templated":true}]}}